{"id":1844,"date":"2025-12-03T10:44:51","date_gmt":"2025-12-03T09:44:51","guid":{"rendered":"https:\/\/calmabravahomes.com\/mentions-legales\/"},"modified":"2025-12-04T20:39:51","modified_gmt":"2025-12-04T19:39:51","slug":"mentions-legales","status":"publish","type":"page","link":"https:\/\/calmabravahomes.com\/fr\/mentions-legales\/","title":{"rendered":"Mentions l\u00e9gales"},"content":{"rendered":"\n<p>Afin de nous conformer \u00e0 l&rsquo;article 10 de la loi 34\/2002 sur les services de la soci\u00e9t\u00e9 de l&rsquo;information et du commerce \u00e9lectronique, nous informons les utilisateurs de nos donn\u00e9es : <\/p>\n\n<p>Calma Brava Homes, S.L. est une soci\u00e9t\u00e9 espagnole dont le si\u00e8ge social est situ\u00e9 Avinguda Can Bellet 68, &#8211; 3\u00ba 1\u00aa , 08174 \u2013 Sant Cugat del Vall\u00e8s (Barcelone), avec le NIF B-22874218 et inscrite au registre du commerce de Barcelone, Hoja B-641.105, Folio 0, Tomo 1000456872584.  <\/p>\n\n<p><strong>T\u00e9l\u00e9phone : <\/strong>(+34) 604 162 216 <\/p>\n\n<p><strong>E-mail de contact : <\/strong>hola@calmabravahomes.com <\/p>\n\n<p><strong>Site web : <\/strong>https:\/\/www.calmabravahomes.com <\/p>\n\n<p><strong>1. Objet<\/strong><strong> <\/strong><\/p>\n\n<p>Calma Brava Homes S.L. (ci-apr\u00e8s \u00e9galement le prestataire) en tant que responsable du site web, met \u00e0 la disposition des utilisateurs le pr\u00e9sent document, qui r\u00e9glemente l&rsquo;utilisation du site web https:\/\/www.calmabravahomes.com\/, avec lequel il entend se conformer aux obligations pr\u00e9vues par la loi 34\/2002, sur les services de la soci\u00e9t\u00e9 de l&rsquo;information et du commerce \u00e9lectronique (LSSICE ou LSSI), ainsi qu&rsquo;informer tous les utilisateurs du site web des conditions d&rsquo;utilisation du site web.  <\/p>\n\n<p>\u00c0 travers le site web, Calma Brava Homes, S.L. facilite aux utilisateurs l&rsquo;acc\u00e8s et l&rsquo;utilisation de diff\u00e9rents services et contenus mis \u00e0 disposition via le web.  <\/p>\n\n<p>Toute personne qui acc\u00e8de \u00e0 ce site web assume le r\u00f4le d&rsquo;utilisateur (ci-apr\u00e8s l&rsquo;utilisateur), et implique l&rsquo;acceptation totale et sans r\u00e9serve de chacune des dispositions incluses dans cet avis l\u00e9gal, ainsi que de toutes autres dispositions l\u00e9gales qui seraient d&rsquo;application.  <\/p>\n\n<p>En tant qu&rsquo;utilisateur du site web, vous devez lire attentivement cet avis l\u00e9gal \u00e0 chaque fois que vous entrez sur le site web, car celui-ci peut subir des modifications, le prestataire se r\u00e9servant le droit de modifier tout type d&rsquo;information qui pourrait appara\u00eetre sur le site web, sans qu&rsquo;il y ait obligation de pr\u00e9-notifier ou de porter \u00e0 la connaissance des utilisateurs ces obligations, la publication sur le site web du prestataire \u00e9tant suffisante.  <\/p>\n\n<p><strong>2. Conditions d&rsquo;acc\u00e8s et d&rsquo;utilisation du web<\/strong><strong> <\/strong><\/p>\n\n<p><strong>2.1. Caract\u00e8re gratuit de l&rsquo;acc\u00e8s et de l&rsquo;utilisation du web <\/strong><\/p>\n\n<p>La prestation des services par Calma Brava Homes, S.L. est gratuite pour tous les utilisateurs. Toutefois, certains des services fournis par le prestataire via le web sont soumis au paiement d&rsquo;un prix d\u00e9termin\u00e9 aux conditions g\u00e9n\u00e9rales de vente. <\/p>\n\n<p><strong>2.2. Inscription de l&rsquo;utilisateur <\/strong><\/p>\n\n<p>En g\u00e9n\u00e9ral, la prestation des services n&rsquo;exige pas la souscription ou l&rsquo;inscription pr\u00e9alable des utilisateurs. Malgr\u00e9 cela, Calma Brava Homes, S.L. conditionne l&rsquo;utilisation de certains des services \u00e0 la compl\u00e9mentation pr\u00e9alable de l&rsquo;inscription d&rsquo;utilisateur correspondante. Cette inscription s&rsquo;effectuera de la mani\u00e8re express\u00e9ment indiqu\u00e9e dans la propre section du service.    <\/p>\n\n<p><strong>2.3. V\u00e9racit\u00e9 de l&rsquo;information <\/strong><\/p>\n\n<p>Toute l&rsquo;information que facilite l&rsquo;utilisateur doit \u00eatre v\u00e9ridique. \u00c0 ces effets, l&rsquo;utilisateur garantit l&rsquo;authenticit\u00e9 des donn\u00e9es communiqu\u00e9es \u00e0 travers les formulaires pour la souscription des services.   <\/p>\n\n<p>Il sera de la responsabilit\u00e9 de l&rsquo;utilisateur de maintenir toute l&rsquo;information facilit\u00e9e \u00e0 Calma Brava Homes, S.L. en permanence actualis\u00e9e de mani\u00e8re \u00e0 ce qu&rsquo;elle r\u00e9ponde, \u00e0 chaque moment, \u00e0 sa situation r\u00e9elle. Dans tous les cas, l&rsquo;utilisateur sera le seul responsable des manifestations fausses ou inexactes qu&rsquo;il r\u00e9alise et des pr\u00e9judices qu&rsquo;il cause au prestataire ou \u00e0 des tiers.   <\/p>\n\n<p><strong>2.4. Mineurs <\/strong><\/p>\n\n<p>Pour l&rsquo;utilisation des services, les mineurs doivent toujours obtenir pr\u00e9alablement le consentement des parents, tuteurs ou repr\u00e9sentants l\u00e9gaux, responsables ultimes de tous les actes r\u00e9alis\u00e9s par les mineurs \u00e0 leur charge. La responsabilit\u00e9 dans la d\u00e9termination de contenus concrets auxquels acc\u00e8dent les mineurs correspond \u00e0 ceux-ci. Pour cette raison, s&rsquo;ils acc\u00e8dent \u00e0 des contenus non appropri\u00e9s par Internet, il faudra \u00e9tablir sur leurs ordinateurs des m\u00e9canismes, en particulier des programmes informatiques, des filtres et des blocages, qui permettent de limiter les contenus disponibles et, bien qu&rsquo;ils ne soient pas infaillibles, ils sont d&rsquo;une utilit\u00e9 particuli\u00e8re pour contr\u00f4ler et restreindre les mat\u00e9riaux auxquels peuvent acc\u00e9der les mineurs.    <\/p>\n\n<p><strong>2.5. Obligation de faire un usage correct du web <\/strong><\/p>\n\n<p>L&rsquo;utilisateur s&rsquo;engage \u00e0 utiliser le web conform\u00e9ment \u00e0 la loi et au pr\u00e9sent avis l\u00e9gal, ainsi qu&rsquo;\u00e0 la morale et aux bonnes m\u0153urs.  <\/p>\n\n<p>\u00c0 cet effet, l&rsquo;utilisateur s&rsquo;abstiendra d&rsquo;utiliser la page \u00e0 des fins illicites ou interdites, l\u00e9sant les droits et int\u00e9r\u00eats de tiers, ou qui de quelque mani\u00e8re que ce soit pourraient endommager, rendre inutilisable, surcharger, d\u00e9t\u00e9riorer ou emp\u00eacher l&rsquo;utilisation normale d&rsquo;\u00e9quipements informatiques ou de documents, fichiers et toute classe de contenus stock\u00e9s dans n&rsquo;importe quel \u00e9quipement informatique du prestataire.  <\/p>\n\n<p>En particulier, et \u00e0 titre indicatif, mais non exhaustif, l&rsquo;utilisateur s&rsquo;engage \u00e0 ne pas transmettre, diffuser ou mettre \u00e0 disposition de tiers des informations, donn\u00e9es, contenus, messages, graphiques, dessins, fichiers de son ou d&rsquo;image, photographies, enregistrements, logiciels et, en g\u00e9n\u00e9ral, toute classe de mat\u00e9riel qui : <\/p>\n\n<p>&#8211; Soit contraire, m\u00e9prise ou attente aux droits fondamentaux et aux libert\u00e9s publiques reconnues constitutionnellement, dans les trait\u00e9s internationaux et autres normes en vigueur.<\/p>\n\n<p>&#8211; Puisse induire, inciter ou promouvoir des actions d\u00e9lictuelles, d\u00e9nigrantes, diffamatoires, violentes ou, en g\u00e9n\u00e9ral, contraires \u00e0 la loi, \u00e0 la morale et \u00e0 l&rsquo;ordre public.  <\/p>\n\n<p>\u2022 Induisent, incitent ou promeuvent des actions, attitudes ou pens\u00e9es discriminatoires en raison du sexe, de la race, de la religion, des croyances, de l&rsquo;\u00e2ge ou de la condition.  <\/p>\n\n<p>\u2022 Soit contraire au droit \u00e0 l&rsquo;honneur, \u00e0 l&rsquo;intimit\u00e9 personnelle ou familiale ou \u00e0 sa propre image.  <\/p>\n\n<p>\u2022 De quelque mani\u00e8re que ce soit qui puisse nuire \u00e0 la cr\u00e9dibilit\u00e9 du prestataire ou de tiers.  <\/p>\n\n<p>\u2022 Constitue une publicit\u00e9 illicite, trompeuse ou d\u00e9loyale.  <\/p>\n\n<p><strong>3. Exclusion de garanties et responsabilit\u00e9<\/strong><strong> <\/strong><\/p>\n\n<p>Le prestataire s&rsquo;exime de tout type de responsabilit\u00e9 d\u00e9riv\u00e9e de l&rsquo;information publi\u00e9e sur notre site web, \u00e0 condition que cette information ait \u00e9t\u00e9 manipul\u00e9e ou introduite par un tiers \u00e9tranger.  <\/p>\n\n<p>Ce site web a \u00e9t\u00e9 r\u00e9vis\u00e9 et test\u00e9 pour qu&rsquo;il fonctionne correctement. En principe, le bon fonctionnement peut \u00eatre garanti les 365 jours de l&rsquo;ann\u00e9e, 24 heures par jour. Cependant, le prestataire n&rsquo;\u00e9carte pas la possibilit\u00e9 qu&rsquo;il existe certaines erreurs de programmation, ou que surviennent des causes de force majeure, des catastrophes naturelles, des gr\u00e8ves, ou des circonstances similaires qui rendent impossible l&rsquo;acc\u00e8s \u00e0 la page web.    <\/p>\n\n<p>Calma Brava Homes S.L. n&rsquo;accorde aucune garantie et ne se fait responsable, en aucun cas, des dommages et pr\u00e9judices de quelque nature que ce soit qui pourraient survenir en raison du manque de disponibilit\u00e9, de maintenance et de fonctionnement effectif du web ou de ses services et contenus, ainsi que de l&rsquo;existence de virus, de programmes malveillants ou nuisibles dans les contenus, de l&rsquo;utilisation illicite, n\u00e9gligente, frauduleuse ou contraire \u00e0 cet avis l\u00e9gal et aux conditions d&rsquo;utilisation.  <\/p>\n\n<p>Ni du manque de lic\u00e9it\u00e9, de qualit\u00e9, de fiabilit\u00e9, d&rsquo;utilit\u00e9 et de disponibilit\u00e9 des services pr\u00eat\u00e9s par des tiers et mis \u00e0 disposition des utilisateurs sur le site web.  <\/p>\n\n<p>Le prestataire ne se fait responsable sous aucun concept des dommages qui pourraient d\u00e9couler de l&rsquo;usage ill\u00e9gal ou indu de la pr\u00e9sente page web.  <\/p>\n\n<p><strong>4. Cookies<\/strong><strong> <\/strong><\/p>\n\n<p>Le site web du prestataire peut utiliser des <em>cookies<\/em> (petits fichiers d&rsquo;information que le serveur envoie \u00e0 l&rsquo;ordinateur de celui qui acc\u00e8de \u00e0 la page) pour mener \u00e0 bien certaines fonctions qui sont consid\u00e9r\u00e9es comme indispensables pour le bon fonctionnement et la visualisation du lieu. Les <em>cookies<\/em> utilis\u00e9s ont, dans tous les cas, un caract\u00e8re temporaire, avec la seule finalit\u00e9 de rendre plus efficace la navigation, et disparaissent \u00e0 la fin de la session de l&rsquo;utilisateur.   <\/p>\n\n<p>En aucun cas les <em>cookies<\/em> ne seront utilis\u00e9s pour recueillir des informations \u00e0 caract\u00e8re personnel. Pour plus d&rsquo;informations, consultez notre <strong>Politique de Cookies<\/strong>. <\/p>\n\n<p><strong>5. Liens (Links)<\/strong><strong> <\/strong><\/p>\n\n<p>Depuis le site web, il est possible qu&rsquo;il soit redirig\u00e9 vers des contenus sponsoris\u00e9s, des annonces et\/ou des liens d&rsquo;affiliation et\/ou de sites web tiers. Parmi les liens facilit\u00e9s, il existe la possibilit\u00e9 d&rsquo;informer ou de faire r\u00e9f\u00e9rence \u00e0 des produits et\/ou services de tiers. \u00c9tant donn\u00e9 que depuis le web nous ne pouvons pas contr\u00f4ler les contenus introduits par les tiers, Calma Brava Homes, S.L., n&rsquo;assume aucun type de responsabilit\u00e9 concernant lesdits contenus, ni ne garantit l&rsquo;exp\u00e9rience, l&rsquo;int\u00e9grit\u00e9 ou la qualit\u00e9 de ses produits. Dans tous les cas, le prestataire manifeste qu&rsquo;il proc\u00e9dera au retrait imm\u00e9diat de tout contenu qui pourrait contrevenir \u00e0 la l\u00e9gislation nationale ou internationale, \u00e0 la morale ou \u00e0 l&rsquo;ordre public, en proc\u00e9dant au retrait imm\u00e9diat de la re-direction vers ces sites web, en mettant \u00e0 la connaissance des autorit\u00e9s comp\u00e9tentes le contenu en question.     <\/p>\n\n<p>Calma Brava Homes, S.L. aura publi\u00e9s ces liens jusqu&rsquo;\u00e0 ce qu&rsquo;ils soient \u00e9limin\u00e9s ou suspendus par le prestataire ou par l&rsquo;annonceur, et ne sera pas responsable m\u00eame si ces annonces peuvent \u00eatre index\u00e9es par d&rsquo;autres moteurs de recherche \u00e9trangers \u00e0 ce web.  <\/p>\n\n<p>Le prestataire ne se responsabilise pas de l&rsquo;information et des contenus stock\u00e9s, \u00e0 titre \u00e9nonciatif, mais non limitatif, dans les forums, chats, g\u00e9n\u00e9rateurs de blogs, commentaires, r\u00e9seaux sociaux ou tout autre moyen qui permette \u00e0 des tiers de publier des contenus de forme ind\u00e9pendante sur la page web du prestataire. Toutefois, et en accomplissement de ce qui est dispos\u00e9 dans l&rsquo;art. 11 et 16 de la LSSICE, le prestataire se met \u00e0 disposition de tous les utilisateurs, autorit\u00e9s et forces de s\u00e9curit\u00e9, et collabore de forme active au retrait ou, quand cela est n\u00e9cessaire, au blocage de tous ces contenus qui peuvent affecter ou contrevenir \u00e0 la l\u00e9gislation nationale, ou internationale, aux droits de tiers ou \u00e0 la morale et \u00e0 l&rsquo;ordre public. Au cas o\u00f9 l&rsquo;utilisateur consid\u00e8re qu&rsquo;il peut exister un contenu qui pourrait \u00eatre susceptible de cette classification, il est pri\u00e9 de le notifier de forme imm\u00e9diate \u00e0 l&rsquo;administrateur du site web.    <\/p>\n\n<p>Cependant, Calma Brava Homes, S.L. vous informe que toute relation contractuelle ou extracontractuelle que l&rsquo;utilisateur formalise avec ces tiers, affili\u00e9s ou annonceurs au moyen du lien proportionn\u00e9 par ce web, sera valable uniquement et exclusivement entre l&rsquo;utilisateur et l&rsquo;annonceur et\/ou la tierce personne et Calma Brava Homes, S.L. n&rsquo;aura aucun type de responsabilit\u00e9 sur les dommages ou pr\u00e9judices qui pourraient \u00eatre occasionn\u00e9s par la prestation de services et\/ou les relations contractuelles ou extracontractuelles r\u00e9alis\u00e9es entre l&rsquo;utilisateur et les annonceurs ou tiers contact\u00e9s \u00e0 travers ce portail \u00e9tant donn\u00e9 que le prestataire n&rsquo;agit que comme interm\u00e9diaire ou moyen publicitaire.  <\/p>\n\n<p><strong>6. Protection des donn\u00e9es personnelles<\/strong><strong> <\/strong><\/p>\n\n<p>Le prestataire est profond\u00e9ment engag\u00e9 avec l&rsquo;accomplissement de la normative de protection de donn\u00e9es personnelles et garantit l&rsquo;accomplissement int\u00e9gral des obligations dispos\u00e9es, ainsi que l&rsquo;impl\u00e9mentation des mesures de s\u00e9curit\u00e9 dispos\u00e9es au R\u00e8glement Europ\u00e9en de Protection de donn\u00e9es et la normative espagnole de protection de donn\u00e9es. Pour plus d&rsquo;informations, consultez notre Politique de Confidentialit\u00e9 <\/p>\n\n<p><strong>7. Propri\u00e9t\u00e9 intellectuelle et industrielle<\/strong><strong> <\/strong><\/p>\n\n<p>Le site web, incluant \u00e0 titre \u00e9nonciatif, mais non limitatif la programmation, l&rsquo;\u00e9dition, la compilation et autres \u00e9l\u00e9ments n\u00e9cessaires pour son fonctionnement, les designs, les logos, les textes, les photographies et\/ou graphiques sont propri\u00e9t\u00e9 du prestataire ou, au cas o\u00f9 cela serait n\u00e9cessaire, dispose de la licence ou autorisation expresse de la part des auteurs. Tous les contenus du site web se trouvent d\u00fbment prot\u00e9g\u00e9s par la normative de propri\u00e9t\u00e9 intellectuelle et industrielle.   <\/p>\n\n<p>Ind\u00e9pendamment de la finalit\u00e9 pour laquelle ils seraient destin\u00e9s, la reproduction totale ou partielle, l&rsquo;usage, la distribution et la communication publique requi\u00e8rent de l&rsquo;autorisation \u00e9crite pr\u00e9alable de la part du prestataire. Tout usage non autoris\u00e9 pr\u00e9alablement de la part du prestataire sera consid\u00e9r\u00e9 comme un non-accomplissement grave des droits de propri\u00e9t\u00e9 intellectuelle ou industrielle de l&rsquo;auteur.   <\/p>\n\n<p>Les designs, les logos, les textes et\/ou graphiques \u00e9trangers au prestataire et qui peuvent appara\u00eetre sur le site web, appartiennent \u00e0 leurs propri\u00e9taires respectifs, \u00e9tant eux-m\u00eames les responsables de toute possible controverse qui pourrait survenir concernant ceux-ci. Dans tous les cas, le prestataire compte avec l&rsquo;autorisation expresse et pr\u00e9alable de la part de ceux-ci.   <\/p>\n\n<p>Le prestataire reconna\u00eet en faveur de ses titulaires les droits correspondants de propri\u00e9t\u00e9 industrielle et intellectuelle, n&rsquo;impliquant pas la mention ou l&rsquo;apparition sur le site web, de l&rsquo;existence de droits ou aucune responsabilit\u00e9 du prestataire sur ceux-ci, comme non plus le soutien, le parrainage ou la recommandation de la part de celui-ci.  <\/p>\n\n<p>Pour r\u00e9aliser tout type d&rsquo;observation concernant de possibles non-accomplissements des droits de propri\u00e9t\u00e9 intellectuelle ou industrielle, ainsi que sur n&rsquo;importe lequel des contenus du site web, vous pouvez le faire \u00e0 travers le courrier \u00e9lectronique mentionn\u00e9 ci-dessus.  <\/p>\n\n<p><strong>8. Loi applicable et juridiction<\/strong><strong> <\/strong><\/p>\n\n<p>Pour la r\u00e9solution des controverses ou questions li\u00e9es \u00e0 la pr\u00e9sente page web ou aux activit\u00e9s d\u00e9velopp\u00e9es sur celle-ci, la l\u00e9gislation espagnole sera d&rsquo;application, \u00e0 laquelle se soumettent express\u00e9ment les parties, \u00e9tant comp\u00e9tents pour la r\u00e9solution de tous les conflits d\u00e9riv\u00e9s ou li\u00e9s \u00e0 son usage les Jugements et Tribunaux de Barcelone.<\/p>\n","protected":false},"excerpt":{"rendered":"<p>Afin de nous conformer \u00e0 l&rsquo;article 10 de la loi 34\/2002 sur les services de la soci\u00e9t\u00e9 de l&rsquo;information et du commerce \u00e9lectronique, nous informons les utilisateurs de nos donn\u00e9es : Calma Brava Homes, S.L. est une soci\u00e9t\u00e9 espagnole dont le si\u00e8ge social est situ\u00e9 Avinguda Can Bellet 68, &#8211; 3\u00ba 1\u00aa , 08174 \u2013 [&hellip;]<\/p>\n","protected":false},"author":2,"featured_media":0,"parent":0,"menu_order":0,"comment_status":"closed","ping_status":"closed","template":"","meta":{"footnotes":""},"class_list":["post-1844","page","type-page","status-publish","hentry"],"yoast_head":"<!-- This site is optimized with the Yoast SEO plugin v26.6 - https:\/\/yoast.com\/wordpress\/plugins\/seo\/ -->\n<title>Mentions l\u00e9gales - Calma Brava Homes<\/title>\n<meta name=\"robots\" content=\"index, follow, max-snippet:-1, max-image-preview:large, max-video-preview:-1\" \/>\n<link rel=\"canonical\" href=\"https:\/\/calmabravahomes.com\/fr\/mentions-legales\/\" \/>\n<meta property=\"og:locale\" content=\"fr_FR\" \/>\n<meta property=\"og:type\" content=\"article\" \/>\n<meta property=\"og:title\" content=\"Mentions l\u00e9gales - Calma Brava Homes\" \/>\n<meta property=\"og:description\" content=\"Afin de nous conformer \u00e0 l&rsquo;article 10 de la loi 34\/2002 sur les services de la soci\u00e9t\u00e9 de l&rsquo;information et du commerce \u00e9lectronique, nous informons les utilisateurs de nos donn\u00e9es : Calma Brava Homes, S.L. est une soci\u00e9t\u00e9 espagnole dont le si\u00e8ge social est situ\u00e9 Avinguda Can Bellet 68, &#8211; 3\u00ba 1\u00aa , 08174 \u2013 [&hellip;]\" \/>\n<meta property=\"og:url\" content=\"https:\/\/calmabravahomes.com\/fr\/mentions-legales\/\" \/>\n<meta property=\"og:site_name\" content=\"Calma Brava Homes\" \/>\n<meta property=\"article:modified_time\" content=\"2025-12-04T19:39:51+00:00\" \/>\n<meta name=\"twitter:card\" content=\"summary_large_image\" \/>\n<meta name=\"twitter:label1\" content=\"Dur\u00e9e de lecture estim\u00e9e\" \/>\n\t<meta name=\"twitter:data1\" content=\"11 minutes\" \/>\n<script type=\"application\/ld+json\" class=\"yoast-schema-graph\">{\"@context\":\"https:\/\/schema.org\",\"@graph\":[{\"@type\":\"WebPage\",\"@id\":\"https:\/\/calmabravahomes.com\/fr\/mentions-legales\/\",\"url\":\"https:\/\/calmabravahomes.com\/fr\/mentions-legales\/\",\"name\":\"Mentions l\u00e9gales - Calma Brava Homes\",\"isPartOf\":{\"@id\":\"https:\/\/calmabravahomes.com\/#website\"},\"datePublished\":\"2025-12-03T09:44:51+00:00\",\"dateModified\":\"2025-12-04T19:39:51+00:00\",\"breadcrumb\":{\"@id\":\"https:\/\/calmabravahomes.com\/fr\/mentions-legales\/#breadcrumb\"},\"inLanguage\":\"fr-FR\",\"potentialAction\":[{\"@type\":\"ReadAction\",\"target\":[\"https:\/\/calmabravahomes.com\/fr\/mentions-legales\/\"]}]},{\"@type\":\"BreadcrumbList\",\"@id\":\"https:\/\/calmabravahomes.com\/fr\/mentions-legales\/#breadcrumb\",\"itemListElement\":[{\"@type\":\"ListItem\",\"position\":1,\"name\":\"Portada\",\"item\":\"https:\/\/calmabravahomes.com\/\"},{\"@type\":\"ListItem\",\"position\":2,\"name\":\"Mentions l\u00e9gales\"}]},{\"@type\":\"WebSite\",\"@id\":\"https:\/\/calmabravahomes.com\/#website\",\"url\":\"https:\/\/calmabravahomes.com\/\",\"name\":\"Calma Brava Homes\",\"description\":\"Porque vender o alquilar es cuesti\u00f3n de confianza\",\"publisher\":{\"@id\":\"https:\/\/calmabravahomes.com\/#organization\"},\"potentialAction\":[{\"@type\":\"SearchAction\",\"target\":{\"@type\":\"EntryPoint\",\"urlTemplate\":\"https:\/\/calmabravahomes.com\/?s={search_term_string}\"},\"query-input\":{\"@type\":\"PropertyValueSpecification\",\"valueRequired\":true,\"valueName\":\"search_term_string\"}}],\"inLanguage\":\"fr-FR\"},{\"@type\":\"Organization\",\"@id\":\"https:\/\/calmabravahomes.com\/#organization\",\"name\":\"Calma Brava Homes\",\"url\":\"https:\/\/calmabravahomes.com\/\",\"logo\":{\"@type\":\"ImageObject\",\"inLanguage\":\"fr-FR\",\"@id\":\"https:\/\/calmabravahomes.com\/#\/schema\/logo\/image\/\",\"url\":\"https:\/\/calmabravahomes.com\/wp-content\/uploads\/2025\/10\/calmabravahomeslogo.png\",\"contentUrl\":\"https:\/\/calmabravahomes.com\/wp-content\/uploads\/2025\/10\/calmabravahomeslogo.png\",\"width\":540,\"height\":212,\"caption\":\"Calma Brava Homes\"},\"image\":{\"@id\":\"https:\/\/calmabravahomes.com\/#\/schema\/logo\/image\/\"}}]}<\/script>\n<!-- \/ Yoast SEO plugin. -->","yoast_head_json":{"title":"Mentions l\u00e9gales - Calma Brava Homes","robots":{"index":"index","follow":"follow","max-snippet":"max-snippet:-1","max-image-preview":"max-image-preview:large","max-video-preview":"max-video-preview:-1"},"canonical":"https:\/\/calmabravahomes.com\/fr\/mentions-legales\/","og_locale":"fr_FR","og_type":"article","og_title":"Mentions l\u00e9gales - Calma Brava Homes","og_description":"Afin de nous conformer \u00e0 l&rsquo;article 10 de la loi 34\/2002 sur les services de la soci\u00e9t\u00e9 de l&rsquo;information et du commerce \u00e9lectronique, nous informons les utilisateurs de nos donn\u00e9es : Calma Brava Homes, S.L. est une soci\u00e9t\u00e9 espagnole dont le si\u00e8ge social est situ\u00e9 Avinguda Can Bellet 68, &#8211; 3\u00ba 1\u00aa , 08174 \u2013 [&hellip;]","og_url":"https:\/\/calmabravahomes.com\/fr\/mentions-legales\/","og_site_name":"Calma Brava Homes","article_modified_time":"2025-12-04T19:39:51+00:00","twitter_card":"summary_large_image","twitter_misc":{"Dur\u00e9e de lecture estim\u00e9e":"11 minutes"},"schema":{"@context":"https:\/\/schema.org","@graph":[{"@type":"WebPage","@id":"https:\/\/calmabravahomes.com\/fr\/mentions-legales\/","url":"https:\/\/calmabravahomes.com\/fr\/mentions-legales\/","name":"Mentions l\u00e9gales - Calma Brava Homes","isPartOf":{"@id":"https:\/\/calmabravahomes.com\/#website"},"datePublished":"2025-12-03T09:44:51+00:00","dateModified":"2025-12-04T19:39:51+00:00","breadcrumb":{"@id":"https:\/\/calmabravahomes.com\/fr\/mentions-legales\/#breadcrumb"},"inLanguage":"fr-FR","potentialAction":[{"@type":"ReadAction","target":["https:\/\/calmabravahomes.com\/fr\/mentions-legales\/"]}]},{"@type":"BreadcrumbList","@id":"https:\/\/calmabravahomes.com\/fr\/mentions-legales\/#breadcrumb","itemListElement":[{"@type":"ListItem","position":1,"name":"Portada","item":"https:\/\/calmabravahomes.com\/"},{"@type":"ListItem","position":2,"name":"Mentions l\u00e9gales"}]},{"@type":"WebSite","@id":"https:\/\/calmabravahomes.com\/#website","url":"https:\/\/calmabravahomes.com\/","name":"Calma Brava Homes","description":"Porque vender o alquilar es cuesti\u00f3n de confianza","publisher":{"@id":"https:\/\/calmabravahomes.com\/#organization"},"potentialAction":[{"@type":"SearchAction","target":{"@type":"EntryPoint","urlTemplate":"https:\/\/calmabravahomes.com\/?s={search_term_string}"},"query-input":{"@type":"PropertyValueSpecification","valueRequired":true,"valueName":"search_term_string"}}],"inLanguage":"fr-FR"},{"@type":"Organization","@id":"https:\/\/calmabravahomes.com\/#organization","name":"Calma Brava Homes","url":"https:\/\/calmabravahomes.com\/","logo":{"@type":"ImageObject","inLanguage":"fr-FR","@id":"https:\/\/calmabravahomes.com\/#\/schema\/logo\/image\/","url":"https:\/\/calmabravahomes.com\/wp-content\/uploads\/2025\/10\/calmabravahomeslogo.png","contentUrl":"https:\/\/calmabravahomes.com\/wp-content\/uploads\/2025\/10\/calmabravahomeslogo.png","width":540,"height":212,"caption":"Calma Brava Homes"},"image":{"@id":"https:\/\/calmabravahomes.com\/#\/schema\/logo\/image\/"}}]}},"_links":{"self":[{"href":"https:\/\/calmabravahomes.com\/fr\/wp-json\/wp\/v2\/pages\/1844","targetHints":{"allow":["GET"]}}],"collection":[{"href":"https:\/\/calmabravahomes.com\/fr\/wp-json\/wp\/v2\/pages"}],"about":[{"href":"https:\/\/calmabravahomes.com\/fr\/wp-json\/wp\/v2\/types\/page"}],"author":[{"embeddable":true,"href":"https:\/\/calmabravahomes.com\/fr\/wp-json\/wp\/v2\/users\/2"}],"replies":[{"embeddable":true,"href":"https:\/\/calmabravahomes.com\/fr\/wp-json\/wp\/v2\/comments?post=1844"}],"version-history":[{"count":1,"href":"https:\/\/calmabravahomes.com\/fr\/wp-json\/wp\/v2\/pages\/1844\/revisions"}],"predecessor-version":[{"id":1845,"href":"https:\/\/calmabravahomes.com\/fr\/wp-json\/wp\/v2\/pages\/1844\/revisions\/1845"}],"wp:attachment":[{"href":"https:\/\/calmabravahomes.com\/fr\/wp-json\/wp\/v2\/media?parent=1844"}],"curies":[{"name":"wp","href":"https:\/\/api.w.org\/{rel}","templated":true}]}}