{"id":2004,"date":"2025-10-24T13:22:21","date_gmt":"2025-10-24T11:22:21","guid":{"rendered":"https:\/\/calmabravahomes.com\/politica-de-privacitat\/"},"modified":"2025-12-09T17:02:46","modified_gmt":"2025-12-09T16:02:46","slug":"politica-de-privacitat","status":"publish","type":"page","link":"https:\/\/calmabravahomes.com\/ca\/politica-de-privacitat\/","title":{"rendered":"Pol\u00edtica de privacitat"},"content":{"rendered":"\n<p><strong>INTRODUCCI\u00d3 <\/strong><\/p>\n\n<p>La privacitat \u00e9s molt important per a nosaltres. En aquesta p\u00e0gina us expliquem quines dades recopilem dels usuaris, com les utilitzem i per a qu\u00e8, entre altres indicacions.  <\/p>\n\n<p>Per a la vostra informaci\u00f3, mai no sol\u00b7licitarem m\u00e9s informaci\u00f3 de la que realment necessitarem per als serveis requerits. Mai no la compartirem amb tercers, excepte per obligaci\u00f3 legal o amb la vostra autoritzaci\u00f3 pr\u00e8via. De tal manera, tampoc mai no utilitzarem les vostres dades per a una altra finalitat no indicada pr\u00e8viament.   <\/p>\n\n<p>Com a usuari haureu de llegir atentament aquesta pol\u00edtica de privacitat de manera regular, i sempre que introdu\u00efu les vostres dades personals, ja que aquest document pot patir modificacions perqu\u00e8 el prestador pot modificar qualsevol tipus d&#8217;informaci\u00f3 que pogu\u00e9s apar\u00e8ixer al web per complir amb la normativa o actualitzar la pol\u00edtica, i sense que existeixi l&#8217;obligaci\u00f3 de preavisar o posar en coneixement dels usuaris aquestes obligacions, sent suficients la publicaci\u00f3 al lloc web del prestador. <\/p>\n\n<p><strong>RESPONSABLE DEL TRACTAMENT <\/strong><\/p>\n\n<p><strong>Identitat: CALMA BRAVA HOMES S.L.<\/strong> (tamb\u00e9 el prestador) <\/p>\n\n<p><strong>NIF:<\/strong> B-22874218 <\/p>\n\n<p><strong>Adre\u00e7a postal:<\/strong> Avinguda Can Bellet 68, &#8211; 3\u00ba 1\u00aa, 08174 \u2013 Sant Cugat del Vall\u00e8s (Barcelona) <\/p>\n\n<p><strong>Correu electr\u00f2nic:<\/strong> hola@calmabravahomes.com <\/p>\n\n<p><strong>CALMA BRAVA HOMES S.L.<\/strong>, com a responsable del lloc web, de conformitat amb el que disposa el Reglament (UE) 2016\/679 de 27 d&#8217;abril de 2016 (RGPD), Llei Org\u00e0nica 3\/2018 de 5 de desembre (LOPDGDD) i altra normativa legal vigent en mat\u00e8ria de protecci\u00f3 de dades personals, i per la Llei 34\/2002, d&#8217;11 de juliol, de Serveis de la Societat de la Informaci\u00f3 i del Comer\u00e7 Electr\u00f2nic (LSSICE), us informa que t\u00e9 implementades les mesures de seguretat necess\u00e0ries, d&#8217;\u00edndole t\u00e8cnica i organitzatives, per garantir i protegir la confidencialitat, integritat i disponibilitat de les dades introdu\u00efdes. <\/p>\n\n<p><strong>M\u00c8TODE D&#8217;OBTENCI\u00d3 DE LES DADES i DADES QUE RECOLLIM:<\/strong> Les dades que recollim i com les obtenim \u00e9s la seg\u00fcent: <\/p>\n\n<p><strong>* Formulari de contacte i\/o requeriment d&#8217;informaci\u00f3: <\/strong><\/p>\n\n<p>&#8211; Dades requerides: nom i cognoms, email i tel\u00e8fon. <\/p>\n\n<p>&#8211; Finalitat: respondre a les consultes i\/o proporcionar informacions requerides per l&#8217;usuari. <\/p>\n\n<p>&#8211; Legitimaci\u00f3: consentiment de l&#8217;usuari. <\/p>\n\n<p><strong>* Formulari de Subscripci\u00f3 a la Newsletter: <\/strong><\/p>\n\n<p>&#8211; Dades requerides: nom i cognoms, email i tel\u00e8fon. <\/p>\n\n<p>&#8211; Finalitat: Enviar-vos not\u00edcies relacionades amb la presentaci\u00f3 de nous habitatges en venda o lloguer, not\u00edcies i\/o novetats de la companyia i comunicaci\u00f3 d&#8217;assist\u00e8ncia a esdeveniments <\/p>\n\n<p>&#8211; Legitimaci\u00f3: consentiment de l&#8217;usuari interessat. <\/p>\n\n<p>No es tracten categories de dades especialment protegides. <\/p>\n\n<p><strong>* WhatsApp:<\/strong> En l&#8217;apartat WhatsApp de la present pol\u00edtica es detalla el seu \u00fas. <\/p>\n\n<p>Podeu revocar en qualsevol moment el vostre consentiment remetent un escrit amb l&#8217;assumpte baixa a hola@calmabravahomes.com <\/p>\n\n<p>\u00das de Fotografies: Les fotografies que estiguin penjades al web s\u00f3n propietat de <strong>CALMA BRAVA HOMES S.L.<\/strong> Per a l&#8217;obtenci\u00f3 d&#8217;aquestes, s&#8217;ha obtingut el consentiment previ de les persones que hi apareixen mitjan\u00e7ant la signatura dels formularis realitzats per a tal efecte. <\/p>\n\n<p>D&#8217;acord amb la LSSICE, <strong>CALMA BRAVA HOMES S.L.<\/strong> no realitza pr\u00e0ctiques de SPAM, per tant, no envia correus comercials per e-mail que no hagin estat pr\u00e8viament sol\u00b7licitats o autoritzats per l&#8217;Usuari. En conseq\u00fc\u00e8ncia, en totes les comunicacions que rebreu del prestador, l&#8217;usuari t\u00e9 la possibilitat de revocar el seu consentiment expr\u00e9s per rebre les nostres comunicacions.  <\/p>\n\n<p>No tractarem les vostres dades personals per a cap altra finalitat de les descrites excepte que sigui per obligaci\u00f3 legal o requeriment judicial. <\/p>\n\n<p>No sereu objecte de decisions basades en tractaments automatitzats que produeixin efectes sobre les vostres dades. <\/p>\n\n<p><strong>LEGITIMACI\u00d3 DEL TRACTAMENT <\/strong><\/p>\n\n<p>La base legal per al tractament de les dades \u00e9s el vostre consentiment atorgat en el moment de donar les vostres dades al formulari corresponent per dur a terme les finalitats, en el moment de marcaci\u00f3 de la casella de verificaci\u00f3. <\/p>\n\n<p>L&#8217;oferta prospectiva o comercial de productes i serveis est\u00e0 basada en el consentiment que se us sol\u00b7licita, sense que en cap cas la retirada d&#8217;aquest consentiment condicioni l&#8217;execuci\u00f3 del contracte de subscripci\u00f3. <\/p>\n\n<p>El no facilitar les dades personals sol\u00b7licitades o el no acceptar la present pol\u00edtica de privacitat suposa la impossibilitat d&#8217;aconseguir les finalitats anteriorment descrites. <\/p>\n\n<p>En els casos en qu\u00e8 hi hagi una pr\u00e8via relaci\u00f3 contractual entre les parts, la legitimaci\u00f3 per al desenvolupament de les obligacions administratives, fiscals i comptables que siguin necess\u00e0ries en virtut de la legislaci\u00f3 vigent ser\u00e0 la <strong>exist\u00e8ncia pr\u00e8via de la relaci\u00f3 comercial<\/strong> establerta entre les parts.<\/p>\n\n<p><strong>TERMINI DE CONSERVACI\u00d3 DE LES DADES: <\/strong><\/p>\n\n<p>Les vostres dades es conservaran mentre duri la relaci\u00f3 comercial amb nosaltres o exerciu el vostre dret de cancel\u00b7laci\u00f3, oposici\u00f3 o revocaci\u00f3 del consentiment. Encara havent exercit els vostres drets de forma correcta haurem de conservar degudament bloquejades les vostres dades mentre durin els terminis legalment previstos en les disposicions aplicables.  <\/p>\n\n<p><strong>DESTINATARIS DE CESSIONS O TRANSFER\u00c8NCIES: <\/strong><\/p>\n\n<p><strong>CALMA BRAVA HOMES S.L.<\/strong> no porta a terme cap cessi\u00f3 o comunicaci\u00f3 de dades ni dins ni fora de la UE. El prestador \u00fanicament facilitar\u00e0 informaci\u00f3 a les forces i cossos de seguretat sota ordre judicial o per obligaci\u00f3 d&#8217;una norma legal, sense perjudici de poder bloquejar o cancel\u00b7lar el vostre compte si pot haver-hi indicis de la comissi\u00f3 d&#8217;algun delicte per part de l&#8217;usuari. La informaci\u00f3 facilitada ser\u00e0 nom\u00e9s la que disposi en aquell moment el prestador.   <\/p>\n\n<p>La informaci\u00f3 que ens proporcioneu tant a trav\u00e9s d&#8217;aquest lloc web ser\u00e0 allotjada als servidors de <strong>CALMA BRAVA HOMES S.L.<\/strong>, contractats a l&#8217;empresa que presta el servei d&#8217;allotjament del web. El tractament de les dades de l&#8217;entitat es troba regulat mitjan\u00e7ant un contracte d&#8217;encarregat del tractament entre el prestador i aquesta empresa.  <\/p>\n\n<p>Per a la gesti\u00f3 del servei de mailing s&#8217;utilitza Mailchimp per a l&#8217;enviament de mailing, empresa ubicada fora de l&#8217;Espai Econ\u00f2mic Europeu i per tant havent-hi transfer\u00e8ncia internacional de dades. Aquesta queda regulada mitjan\u00e7ant la signatura entre les parts del contracte de cl\u00e0usules contractuals tipus aprovades per la Comissi\u00f3 Europea.  <\/p>\n\n<p>Aix\u00ed mateix, el prestador utilitza determinades eines per prestar serveis necessaris per al desenvolupament de l&#8217;activitat, podent emmagatzemar les vostres dades. Aquestes eines s\u00f3n les seg\u00fcents:  <\/p>\n\n<p>Google Analytics <\/p>\n\n<p>Per realitzar una an\u00e0lisi i m\u00e8trica de l&#8217;\u00fas que els usuaris fan del web a trav\u00e9s de les cookies. La informaci\u00f3 que generen i recopilen aquestes cookies sobre l&#8217;\u00fas (incloent l&#8217;adre\u00e7a IP) ser\u00e0 directament transmesa i arxivada per Google Inc., ubicada a Delaware, 1600 Amphitheatre Parkway, Mountain View (California), CA 94043 USA, als seus servidors dels Estats Units. <\/p>\n\n<p>Per a m\u00e9s informaci\u00f3 sobre l&#8217;\u00fas de dades per part de Google recomanem fer clic al seg\u00fcent enlla\u00e7 de privacitat i condicions de Google. <\/p>\n\n<p>Email Marketing <\/p>\n\n<p>S&#8217;utilitza per al servei de mail marketing Mailchimp. L&#8217;empresa est\u00e0 ubicada a The Rocket Science Group LLC, 675 Ponce de Leon AVE Ne Ste 5000 Atlanta, GA, 30308-2172 United States. <\/p>\n\n<p><strong>DRETS DE LES PERSONES INTERESSADES: <\/strong><\/p>\n\n<p>Com a usuari-interessat, podeu sol\u00b7licitar l&#8217;exercici dels seg\u00fcents drets davant <strong>CALMA BRAVA HOMES S.L.<\/strong> presentant un escrit a l&#8217;adre\u00e7a postal de la cap\u00e7alera o enviant un correu electr\u00f2nic a hola@calmabravahomes.com, indicant com a Assumpte: &#8220;PROTECCI\u00d3 DE DADES: DRETS DELS INTERESSATS&#8221;, i adjuntant fotoc\u00f2pia del vostre DNI o qualsevol mitj\u00e0 an\u00e0leg en dret, tal com indica la llei. <\/p>\n\n<p>Drets: <\/p>\n\n<p>\u2022 <strong>Dret d&#8217;acc\u00e9s<\/strong>: permet a l&#8217;interessat con\u00e8ixer i obtenir informaci\u00f3 sobre les seves dades de car\u00e0cter personal sotmeses a tractament. <\/p>\n\n<p>\u2022 <strong>Dret de rectificaci\u00f3 o supressi\u00f3<\/strong>: permet corregir errors i modificar les dades que resultin ser inexactes o incompletes <\/p>\n\n<p>\u2022 <strong>Dret de cancel\u00b7laci\u00f3<\/strong>: permet que se suprimeixin les dades que siguin inadequades o excessives <\/p>\n\n<p>\u2022 <strong>Dret d&#8217;oposici\u00f3<\/strong>: dret de l&#8217;interessat que no es porti a terme el tractament de les seves dades de car\u00e0cter personal o es cessi en el mateix. <\/p>\n\n<p>\u2022 <strong>Limitaci\u00f3 del tractament<\/strong>: comporta el marcat de les dades personals conservades, amb la finalitat de limitar el seu futur tractament, per a l&#8217;exercici o la defensa de reclamacions. <\/p>\n\n<p>\u2022 <strong>Portabilitat de les dades<\/strong>: facilitaci\u00f3 de les dades objecte de tractament a l&#8217;interessat, perqu\u00e8 aquest pugui transmetre a un altre responsable, sense impediments. <\/p>\n\n<p>\u2022 <strong>Dret a no ser objecte de decisions individuals automatitzades (inclosa l&#8217;elaboraci\u00f3 de perfils):<\/strong> dret a no ser objecte d&#8217;una decisi\u00f3 basada en el tractament automatitzat que produeixi efectes o afecti significativament <\/p>\n\n<p>Com a usuari, teniu dret a retirar el consentiment donat en qualsevol moment. La retirada del consentiment no afectar\u00e0 la licitud del tractament efectuat abans de la retirada del consentiment.  <\/p>\n\n<p>Tamb\u00e9 teniu dret a presentar una reclamaci\u00f3 davant l&#8217;autoritat de control si considereu que poden haver-se vist vulnerats els vostres drets en relaci\u00f3 amb la protecci\u00f3 de les vostres dades (www.aepd.es). <\/p>\n\n<p><strong>MESURES DE SEGURETAT: <\/strong><\/p>\n\n<p>Les dades que ens faciliteu es tractaran de forma confidencial. El prestador ha adoptat totes les mesures t\u00e8cniques i organitzatives i tots els nivells de protecci\u00f3 necessaris per garantir la seguretat en el tractament de les dades i evitar la seva alteraci\u00f3, p\u00e8rdua, robatori, tractament o acc\u00e9s no autoritzat, d&#8217;acord amb l&#8217;estat de la tecnologia i naturalesa de les dades emmagatzemades. Aix\u00ed mateix, es garanteix tamb\u00e9 que el tractament i registre en fitxers, programes, sistemes o equips, locals i centres compleixen amb els requisits i condicions d&#8217;integritat i seguretat establertes en la normativa vigent.  <\/p>\n\n<p><strong>IDIOMA <\/strong><\/p>\n\n<p>L&#8217;idioma aplicable a aquesta pol\u00edtica de privacitat \u00e9s el castell\u00e0. Per tant, en cas que hi hagu\u00e9s alguna contradicci\u00f3 en alguna de les versions facilitades en altres idiomes, prevaldr\u00e0 la versi\u00f3 en castell\u00e0.  <\/p>\n\n<p><strong>XARXES SOCIALS <\/strong><\/p>\n\n<p>Us informem que <strong>CALMA BRAVA HOMES S.L.<\/strong> pot tenir pres\u00e8ncia a xarxes socials. El tractament de les dades que es porti a terme de les persones que es facin seguidores a les xarxes socials (i\/o realitzin qualsevol vincle o acci\u00f3 de connexi\u00f3 a trav\u00e9s de les xarxes socials) de les p\u00e0gines oficials de <strong>CALMA BRAVA HOMES S.L.<\/strong> es regir\u00e0 per aquest apartat, aix\u00ed com per aquelles condicions d&#8217;\u00fas, pol\u00edtiques de privacitat i normatives d&#8217;acc\u00e9s que pertanyin a la xarxa social que procedeixi en cada cas i acceptades pr\u00e8viament per l&#8217;usuari.  <\/p>\n\n<p><strong>CALMA BRAVA HOMES S.L.<\/strong> tractar\u00e0 les vostres dades amb les finalitats d&#8217;administrar correctament la seva pres\u00e8ncia a la xarxa social, informant d&#8217;activitats, productes o serveis del prestador, aix\u00ed com per a qualsevol altra finalitat que les normatives de les Xarxes Socials permetin. <\/p>\n\n<p>Queda prohibida la publicaci\u00f3 de continguts: <\/p>\n\n<p>&#8211; Que siguin presumptament il\u00b7l\u00edcits per la normativa nacional, comunit\u00e0ria o internacional o que realitzin activitats presumptament il\u00b7l\u00edcites o contravinguin els principis de la bona fe. <\/p>\n\n<p>&#8211; Que atemptin contra els drets fonamentals de les persones, faltin a la cortesia a la xarxa, molestin o puguin generar opinions negatives en els nostres usuaris o tercers i en general qualsevol siguin els continguts que <strong>CALMA BRAVA HOMES S.L.<\/strong> consideri inapropiats. <\/p>\n\n<p>&#8211; I en general que contravinguin els principis de legalitat, honestedat, responsabilitat, protecci\u00f3 de la dignitat humana, protecci\u00f3 de menors, protecci\u00f3 de l&#8217;ordre p\u00fablic, la protecci\u00f3 de la vida privada, la protecci\u00f3 del consumidor i els drets de propietat intel\u00b7lectual i industrial. <\/p>\n\n<p>Aix\u00ed mateix, <strong>CALMA BRAVA HOMES S.L.<\/strong> es reserva la potestat de retirar sense av\u00eds previ del lloc web o de la xarxa social corporativa aquells continguts que es consideren inadequats. <\/p>\n\n<p>En tot cas, si v\u00f3s remeteu informaci\u00f3 personal a trav\u00e9s de la xarxa social, <strong>CALMA BRAVA HOMES S.L.<\/strong> quedar\u00e0 exempt de responsabilitat en relaci\u00f3 amb les mesures de seguretat aplicables a la present plataforma i l&#8217;usuari, en cas de voler con\u00e8ixer-les, ha de consultar les corresponents condicions particulars de la xarxa en q\u00fcesti\u00f3.<\/p>\n\n<p><strong>SUBSCRIPCI\u00d3 A LA NEWSLETTER <\/strong><\/p>\n\n<p>En cas que l&#8217;usuari se subscrigui a la newsletter, us informem que les dades aportades seran tractades per gestionar la vostra subscripci\u00f3 al bloc informatiu amb av\u00eds d&#8217;actualitzaci\u00f3 i que es conservaran mentre hi hagi un inter\u00e8s mutu per mantenir la finalitat del tractament. Quan ja no sigui necessari per a aquesta finalitat, se suprimiran amb mesures de seguretat adequades per garantir la pseudonimitzaci\u00f3 de les dades o destrucci\u00f3 total de les mateixes. No es comunicaran les dades a tercers, excepte obligaci\u00f3 legal.   <\/p>\n\n<p><strong>WHATSAPP <\/strong><\/p>\n\n<p>El tractament de les dades que es portin a terme de les persones que realitzin una consulta a trav\u00e9s de WhatsApp de CALMA BRAVA HOMES, S.L. es regir\u00e0 per aquest apartat, aix\u00ed com aquelles condicions d&#8217;\u00fas, pol\u00edtiques de privacitat i normatives d&#8217;acc\u00e9s que pertanyin a l&#8217;aplicaci\u00f3 i que procedeixin en cada cas i acceptades pr\u00e8viament per l&#8217;usuari. CALMA BRAVA HOMES, S.L., tractar\u00e0 les vostres dades amb la finalitat d&#8217;administrar correctament la vostra consulta, aix\u00ed com qualsevol altra finalitat de la gesti\u00f3 administrativa del servei. Queda totalment prohibit l&#8217;\u00fas del WhatsApp de CALMA BRAVA HOMES, S.L., per a l&#8217;enviament de continguts que no siguin els necessaris per a la resposta a la consulta i que siguin il\u00b7l\u00edcits per la normativa nacional o internacional que atempti contra els drets fonamentals de les persones i, en general, que contravinguin els principis de legalitat, honestedat, responsabilitat, protecci\u00f3 de la vida privada, la protecci\u00f3 del consumidor i els drets de propietat intel\u00b7lectual i industrial.   <\/p>\n\n<p><strong>CANVIS EN LA PRESENT POL\u00cdTICA DE PRIVACITAT <\/strong><\/p>\n\n<p><strong>CALMA BRAVA HOMES S.L.<\/strong> es reserva el dret a modificar la present pol\u00edtica per adaptar-la a novetats legislatives o jurisprudencials. <\/p>\n\n<p><strong>REVOCABILITAT <\/strong><\/p>\n\n<p>El consentiment prestat tant pel tractament com per a la cessi\u00f3 de les dades dels interessats, \u00e9s revocable en qualsevol moment comunicant-ho a <strong>CALMA BRAVA HOMES S.L.<\/strong> en els termes establerts en aquesta Pol\u00edtica per a l&#8217;exercici dels drets. Aquesta revocaci\u00f3 en cap cas tindr\u00e0 car\u00e0cter retroactiu.  <\/p>\n\n<p><strong>LEGISLACI\u00d3 <\/strong><\/p>\n\n<p>A tots els efectes les relacions entre <strong>CALMA BRAVA HOMES S.L.<\/strong> amb els usuaris dels seus serveis telem\u00e0tics presents en aquest web estan sotmesos a la legislaci\u00f3 i jurisdicci\u00f3 espanyola a la qual se sotmeten expressament les parts, sent competents per a la resoluci\u00f3 de tots els conflictes derivats o relacionats amb el seu \u00fas els Jutjats i Tribunals de Barcelona.<\/p>\n","protected":false},"excerpt":{"rendered":"<p>INTRODUCCI\u00d3 La privacitat \u00e9s molt important per a nosaltres. En aquesta p\u00e0gina us expliquem quines dades recopilem dels usuaris, com les utilitzem i per a qu\u00e8, entre altres indicacions. Per a la vostra informaci\u00f3, mai no sol\u00b7licitarem m\u00e9s informaci\u00f3 de la que realment necessitarem per als serveis requerits. Mai no la compartirem amb tercers, excepte [&hellip;]<\/p>\n","protected":false},"author":1,"featured_media":0,"parent":0,"menu_order":0,"comment_status":"closed","ping_status":"closed","template":"","meta":{"footnotes":""},"class_list":["post-2004","page","type-page","status-publish","hentry"],"yoast_head":"<!-- This site is optimized with the Yoast SEO plugin v26.6 - https:\/\/yoast.com\/wordpress\/plugins\/seo\/ -->\n<title>Pol\u00edtica de privacitat - Calma Brava Homes<\/title>\n<meta name=\"robots\" content=\"index, follow, max-snippet:-1, max-image-preview:large, max-video-preview:-1\" \/>\n<link rel=\"canonical\" href=\"https:\/\/calmabravahomes.com\/politica-de-privacidad\/\" \/>\n<meta property=\"og:locale\" content=\"ca_ES\" \/>\n<meta property=\"og:type\" content=\"article\" \/>\n<meta property=\"og:title\" content=\"Pol\u00edtica de privacitat - Calma Brava Homes\" \/>\n<meta property=\"og:description\" content=\"INTRODUCCI\u00d3 La privacitat \u00e9s molt important per a nosaltres. En aquesta p\u00e0gina us expliquem quines dades recopilem dels usuaris, com les utilitzem i per a qu\u00e8, entre altres indicacions. Per a la vostra informaci\u00f3, mai no sol\u00b7licitarem m\u00e9s informaci\u00f3 de la que realment necessitarem per als serveis requerits. Mai no la compartirem amb tercers, excepte [&hellip;]\" \/>\n<meta property=\"og:url\" content=\"https:\/\/calmabravahomes.com\/politica-de-privacidad\/\" \/>\n<meta property=\"og:site_name\" content=\"Calma Brava Homes\" \/>\n<meta property=\"article:modified_time\" content=\"2025-12-09T16:02:46+00:00\" \/>\n<meta name=\"twitter:card\" content=\"summary_large_image\" \/>\n<meta name=\"twitter:label1\" content=\"Temps estimat de lectura\" \/>\n\t<meta name=\"twitter:data1\" content=\"12 minuts\" \/>\n<script type=\"application\/ld+json\" class=\"yoast-schema-graph\">{\"@context\":\"https:\/\/schema.org\",\"@graph\":[{\"@type\":\"WebPage\",\"@id\":\"https:\/\/calmabravahomes.com\/politica-de-privacidad\/\",\"url\":\"https:\/\/calmabravahomes.com\/politica-de-privacidad\/\",\"name\":\"Pol\u00edtica de privacitat - Calma Brava Homes\",\"isPartOf\":{\"@id\":\"https:\/\/calmabravahomes.com\/#website\"},\"datePublished\":\"2025-10-24T11:22:21+00:00\",\"dateModified\":\"2025-12-09T16:02:46+00:00\",\"breadcrumb\":{\"@id\":\"https:\/\/calmabravahomes.com\/politica-de-privacidad\/#breadcrumb\"},\"inLanguage\":\"ca\",\"potentialAction\":[{\"@type\":\"ReadAction\",\"target\":[\"https:\/\/calmabravahomes.com\/politica-de-privacidad\/\"]}]},{\"@type\":\"BreadcrumbList\",\"@id\":\"https:\/\/calmabravahomes.com\/politica-de-privacidad\/#breadcrumb\",\"itemListElement\":[{\"@type\":\"ListItem\",\"position\":1,\"name\":\"Portada\",\"item\":\"https:\/\/calmabravahomes.com\/\"},{\"@type\":\"ListItem\",\"position\":2,\"name\":\"Pol\u00edtica de privacitat\"}]},{\"@type\":\"WebSite\",\"@id\":\"https:\/\/calmabravahomes.com\/#website\",\"url\":\"https:\/\/calmabravahomes.com\/\",\"name\":\"Calma Brava Homes\",\"description\":\"Porque vender o alquilar es cuesti\u00f3n de confianza\",\"publisher\":{\"@id\":\"https:\/\/calmabravahomes.com\/#organization\"},\"potentialAction\":[{\"@type\":\"SearchAction\",\"target\":{\"@type\":\"EntryPoint\",\"urlTemplate\":\"https:\/\/calmabravahomes.com\/?s={search_term_string}\"},\"query-input\":{\"@type\":\"PropertyValueSpecification\",\"valueRequired\":true,\"valueName\":\"search_term_string\"}}],\"inLanguage\":\"ca\"},{\"@type\":\"Organization\",\"@id\":\"https:\/\/calmabravahomes.com\/#organization\",\"name\":\"Calma Brava Homes\",\"url\":\"https:\/\/calmabravahomes.com\/\",\"logo\":{\"@type\":\"ImageObject\",\"inLanguage\":\"ca\",\"@id\":\"https:\/\/calmabravahomes.com\/#\/schema\/logo\/image\/\",\"url\":\"https:\/\/calmabravahomes.com\/wp-content\/uploads\/2025\/10\/calmabravahomeslogo.png\",\"contentUrl\":\"https:\/\/calmabravahomes.com\/wp-content\/uploads\/2025\/10\/calmabravahomeslogo.png\",\"width\":540,\"height\":212,\"caption\":\"Calma Brava Homes\"},\"image\":{\"@id\":\"https:\/\/calmabravahomes.com\/#\/schema\/logo\/image\/\"}}]}<\/script>\n<!-- \/ Yoast SEO plugin. -->","yoast_head_json":{"title":"Pol\u00edtica de privacitat - Calma Brava Homes","robots":{"index":"index","follow":"follow","max-snippet":"max-snippet:-1","max-image-preview":"max-image-preview:large","max-video-preview":"max-video-preview:-1"},"canonical":"https:\/\/calmabravahomes.com\/politica-de-privacidad\/","og_locale":"ca_ES","og_type":"article","og_title":"Pol\u00edtica de privacitat - Calma Brava Homes","og_description":"INTRODUCCI\u00d3 La privacitat \u00e9s molt important per a nosaltres. En aquesta p\u00e0gina us expliquem quines dades recopilem dels usuaris, com les utilitzem i per a qu\u00e8, entre altres indicacions. Per a la vostra informaci\u00f3, mai no sol\u00b7licitarem m\u00e9s informaci\u00f3 de la que realment necessitarem per als serveis requerits. Mai no la compartirem amb tercers, excepte [&hellip;]","og_url":"https:\/\/calmabravahomes.com\/politica-de-privacidad\/","og_site_name":"Calma Brava Homes","article_modified_time":"2025-12-09T16:02:46+00:00","twitter_card":"summary_large_image","twitter_misc":{"Temps estimat de lectura":"12 minuts"},"schema":{"@context":"https:\/\/schema.org","@graph":[{"@type":"WebPage","@id":"https:\/\/calmabravahomes.com\/politica-de-privacidad\/","url":"https:\/\/calmabravahomes.com\/politica-de-privacidad\/","name":"Pol\u00edtica de privacitat - Calma Brava Homes","isPartOf":{"@id":"https:\/\/calmabravahomes.com\/#website"},"datePublished":"2025-10-24T11:22:21+00:00","dateModified":"2025-12-09T16:02:46+00:00","breadcrumb":{"@id":"https:\/\/calmabravahomes.com\/politica-de-privacidad\/#breadcrumb"},"inLanguage":"ca","potentialAction":[{"@type":"ReadAction","target":["https:\/\/calmabravahomes.com\/politica-de-privacidad\/"]}]},{"@type":"BreadcrumbList","@id":"https:\/\/calmabravahomes.com\/politica-de-privacidad\/#breadcrumb","itemListElement":[{"@type":"ListItem","position":1,"name":"Portada","item":"https:\/\/calmabravahomes.com\/"},{"@type":"ListItem","position":2,"name":"Pol\u00edtica de privacitat"}]},{"@type":"WebSite","@id":"https:\/\/calmabravahomes.com\/#website","url":"https:\/\/calmabravahomes.com\/","name":"Calma Brava Homes","description":"Porque vender o alquilar es cuesti\u00f3n de confianza","publisher":{"@id":"https:\/\/calmabravahomes.com\/#organization"},"potentialAction":[{"@type":"SearchAction","target":{"@type":"EntryPoint","urlTemplate":"https:\/\/calmabravahomes.com\/?s={search_term_string}"},"query-input":{"@type":"PropertyValueSpecification","valueRequired":true,"valueName":"search_term_string"}}],"inLanguage":"ca"},{"@type":"Organization","@id":"https:\/\/calmabravahomes.com\/#organization","name":"Calma Brava Homes","url":"https:\/\/calmabravahomes.com\/","logo":{"@type":"ImageObject","inLanguage":"ca","@id":"https:\/\/calmabravahomes.com\/#\/schema\/logo\/image\/","url":"https:\/\/calmabravahomes.com\/wp-content\/uploads\/2025\/10\/calmabravahomeslogo.png","contentUrl":"https:\/\/calmabravahomes.com\/wp-content\/uploads\/2025\/10\/calmabravahomeslogo.png","width":540,"height":212,"caption":"Calma Brava Homes"},"image":{"@id":"https:\/\/calmabravahomes.com\/#\/schema\/logo\/image\/"}}]}},"_links":{"self":[{"href":"https:\/\/calmabravahomes.com\/ca\/wp-json\/wp\/v2\/pages\/2004","targetHints":{"allow":["GET"]}}],"collection":[{"href":"https:\/\/calmabravahomes.com\/ca\/wp-json\/wp\/v2\/pages"}],"about":[{"href":"https:\/\/calmabravahomes.com\/ca\/wp-json\/wp\/v2\/types\/page"}],"author":[{"embeddable":true,"href":"https:\/\/calmabravahomes.com\/ca\/wp-json\/wp\/v2\/users\/1"}],"replies":[{"embeddable":true,"href":"https:\/\/calmabravahomes.com\/ca\/wp-json\/wp\/v2\/comments?post=2004"}],"version-history":[{"count":1,"href":"https:\/\/calmabravahomes.com\/ca\/wp-json\/wp\/v2\/pages\/2004\/revisions"}],"predecessor-version":[{"id":2005,"href":"https:\/\/calmabravahomes.com\/ca\/wp-json\/wp\/v2\/pages\/2004\/revisions\/2005"}],"wp:attachment":[{"href":"https:\/\/calmabravahomes.com\/ca\/wp-json\/wp\/v2\/media?parent=2004"}],"curies":[{"name":"wp","href":"https:\/\/api.w.org\/{rel}","templated":true}]}}