{"id":1894,"date":"2025-11-18T21:15:52","date_gmt":"2025-11-18T20:15:52","guid":{"rendered":"https:\/\/calmabravahomes.com\/vendre\/"},"modified":"2026-01-20T16:58:17","modified_gmt":"2026-01-20T15:58:17","slug":"vendre","status":"publish","type":"page","link":"https:\/\/calmabravahomes.com\/ca\/vendre\/","title":{"rendered":"Vendre"},"content":{"rendered":"\t\t<div data-elementor-type=\"wp-page\" data-elementor-id=\"1894\" class=\"elementor elementor-1894 elementor-473\" data-elementor-post-type=\"page\">\n\t\t\t\t<div class=\"elementor-element elementor-element-1aa9850 e-con-full elementor-hidden-tablet elementor-hidden-mobile e-flex e-con e-parent\" data-id=\"1aa9850\" data-element_type=\"container\">\n\t\t\t\t<div class=\"elementor-element elementor-element-246bd43 elementor-widget elementor-widget-shortcode\" data-id=\"246bd43\" data-element_type=\"widget\" data-widget_type=\"shortcode.default\">\n\t\t\t\t\t\t\t<div class=\"elementor-shortcode\"><\/div>\n\t\t\t\t\t\t<\/div>\n\t\t\t\t<\/div>\n\t\t<div class=\"elementor-element elementor-element-7426c920 elementor-hidden-desktop e-flex e-con-boxed e-con e-parent\" data-id=\"7426c920\" data-element_type=\"container\" data-settings=\"{&quot;background_background&quot;:&quot;classic&quot;}\">\n\t\t\t\t\t<div class=\"e-con-inner\">\n\t\t\t\t<div class=\"elementor-element elementor-element-4a0fd027 elementor-widget elementor-widget-heading\" data-id=\"4a0fd027\" data-element_type=\"widget\" data-widget_type=\"heading.default\">\n\t\t\t\t\t<h1 class=\"elementor-heading-title elementor-size-default\">Vendre<\/h1>\t\t\t\t<\/div>\n\t\t\t\t<div class=\"elementor-element elementor-element-c67f4a3 elementor-widget elementor-widget-text-editor\" data-id=\"c67f4a3\" data-element_type=\"widget\" data-widget_type=\"text-editor.default\">\n\t\t\t\t\t\t\t\t\t<p>Vendre el teu habitatge no \u00e9s nom\u00e9s un tr\u00e0mit. A Calma Brava no treballem amb habitatges, treballem amb hist\u00f2ries. Cada rac\u00f3, cada detall i cada llum de la teva<br>llar tenen un valor \u00fanic que mereix ser mostrat al m\u00f3n amb respecte,<br>cura i dedicaci\u00f3.<\/p>\t\t\t\t\t\t\t\t<\/div>\n\t\t\t\t<div class=\"elementor-element elementor-element-4b7c188d elementor-align-center elementor-widget elementor-widget-button\" data-id=\"4b7c188d\" data-element_type=\"widget\" data-widget_type=\"button.default\">\n\t\t\t\t\t\t\t\t\t\t<a class=\"elementor-button elementor-button-link elementor-size-sm\" href=\"#vender\">\n\t\t\t\t\t\t<span class=\"elementor-button-content-wrapper\">\n\t\t\t\t\t\t\t\t\t<span class=\"elementor-button-text\">Vendre<\/span>\n\t\t\t\t\t<\/span>\n\t\t\t\t\t<\/a>\n\t\t\t\t\t\t\t\t<\/div>\n\t\t\t\t\t<\/div>\n\t\t\t\t<\/div>\n\t\t<div class=\"elementor-element elementor-element-9b6437f e-con-full e-flex e-con e-parent\" data-id=\"9b6437f\" data-element_type=\"container\">\n\t\t\t\t<div class=\"elementor-element elementor-element-90b7229 elementor-widget__width-initial elementor-widget-mobile__width-initial elementor-widget-tablet__width-initial elementor-widget elementor-widget-heading\" data-id=\"90b7229\" data-element_type=\"widget\" data-widget_type=\"heading.default\">\n\t\t\t\t\t<h2 class=\"elementor-heading-title elementor-size-default\">El nostre proc\u00e9s de venda<\/h2>\t\t\t\t<\/div>\n\t\t\t\t<\/div>\n\t\t<div class=\"elementor-element elementor-element-b013373 e-flex e-con-boxed e-con e-parent\" data-id=\"b013373\" data-element_type=\"container\">\n\t\t\t\t\t<div class=\"e-con-inner\">\n\t\t<div class=\"elementor-element elementor-element-34f6461 e-con-full e-flex e-con e-child\" data-id=\"34f6461\" data-element_type=\"container\">\n\t\t\t\t<div class=\"elementor-element elementor-element-af6cf99 elementor-widget elementor-widget-image\" data-id=\"af6cf99\" data-element_type=\"widget\" data-widget_type=\"image.default\">\n\t\t\t\t\t\t\t\t\t\t\t\t\t\t\t<img fetchpriority=\"high\" decoding=\"async\" width=\"235\" height=\"813\" src=\"https:\/\/calmabravahomes.com\/wp-content\/uploads\/2025\/12\/cat-1.png\" class=\"attachment-full size-full wp-image-2421\" alt=\"\" srcset=\"https:\/\/calmabravahomes.com\/wp-content\/uploads\/2025\/12\/cat-1.png 235w, https:\/\/calmabravahomes.com\/wp-content\/uploads\/2025\/12\/cat-1-87x300.png 87w\" sizes=\"(max-width: 235px) 100vw, 235px\" \/>\t\t\t\t\t\t\t\t\t\t\t\t\t\t\t<\/div>\n\t\t\t\t<\/div>\n\t\t<div class=\"elementor-element elementor-element-8e384e1 e-con-full e-flex e-con e-child\" data-id=\"8e384e1\" data-element_type=\"container\">\n\t\t<div class=\"elementor-element elementor-element-6203c81 e-con-full e-flex e-con e-child\" data-id=\"6203c81\" data-element_type=\"container\" data-settings=\"{&quot;background_background&quot;:&quot;classic&quot;}\">\n\t\t\t\t<div class=\"elementor-element elementor-element-943bcee elementor-widget elementor-widget-image\" data-id=\"943bcee\" data-element_type=\"widget\" data-widget_type=\"image.default\">\n\t\t\t\t\t\t\t\t\t\t\t\t\t\t\t<img decoding=\"async\" src=\"https:\/\/calmabravahomes.com\/wp-content\/uploads\/elementor\/thumbs\/foto_calella_de_palafrugell-e1763574247141-rey2z6l8uucyit2ud9w0f00lt5tls6d1p9ren7ver4.jpg\" title=\"foto_calella_de_palafrugell\" alt=\"foto_calella_de_palafrugell\" loading=\"lazy\" \/>\t\t\t\t\t\t\t\t\t\t\t\t\t\t\t<\/div>\n\t\t\t\t<div class=\"elementor-element elementor-element-c7ae2e5 elementor-widget elementor-widget-text-editor\" data-id=\"c7ae2e5\" data-element_type=\"widget\" data-widget_type=\"text-editor.default\">\n\t\t\t\t\t\t\t\t\t<p>A Calma Brava tot comen\u00e7a amb una primera consulta d&#8217;assessorament personalitzat, on t&#8217;escoltem, analitzem el teu habitatge i definim objectius realistes.<br \/>Seguim amb una valoraci\u00f3 precisa del teu habitatge, amb dades, amb an\u00e0lisis exhaustives del lloc, del moment, amb la nostra \u00e0mplia experi\u00e8ncia del mercat immobiliari per determinar un preu \u00f2ptim que permeti posicionar l&#8217;habitatge amb for\u00e7a al mercat.<br \/>Sabem que la primera impressi\u00f3 marca la difer\u00e8ncia, aix\u00ed que cuidem cada detall de la presentaci\u00f3 del teu habitatge, potenciant el seu valor amb una exposici\u00f3 al mercat molt acurada i professional, impulsant el seu abast previ un pla de m\u00e0rqueting exclusiu, que connecti amb el comprador ideal.<\/p>\t\t\t\t\t\t\t\t<\/div>\n\t\t\t\t<\/div>\n\t\t\t\t<\/div>\n\t\t\t\t\t<\/div>\n\t\t\t\t<\/div>\n\t\t<div class=\"elementor-element elementor-element-4eb5c42 e-con-full e-flex e-con e-parent\" data-id=\"4eb5c42\" data-element_type=\"container\" data-settings=\"{&quot;background_background&quot;:&quot;classic&quot;}\">\n\t\t<div class=\"elementor-element elementor-element-db4842d e-con-full e-flex e-con e-child\" data-id=\"db4842d\" data-element_type=\"container\">\n\t\t\t\t<div class=\"elementor-element elementor-element-67756be elementor-widget elementor-widget-heading\" data-id=\"67756be\" data-element_type=\"widget\" data-widget_type=\"heading.default\">\n\t\t\t\t\t<h3 class=\"elementor-heading-title elementor-size-default\">Vull vendre<\/h3>\t\t\t\t<\/div>\n\t\t\t\t<\/div>\n\t\t\t\t<\/div>\n\t\t<div class=\"elementor-element elementor-element-c04d1ca e-con-full e-flex e-con e-parent\" data-id=\"c04d1ca\" data-element_type=\"container\" id=\"vender\" data-settings=\"{&quot;background_background&quot;:&quot;classic&quot;}\">\n\t\t<div class=\"elementor-element elementor-element-0c4c850 e-flex e-con-boxed e-con e-child\" data-id=\"0c4c850\" data-element_type=\"container\">\n\t\t\t\t\t<div class=\"e-con-inner\">\n\t\t\t\t<div class=\"elementor-element elementor-element-31e3cb9 elementor-button-align-center elementor-widget elementor-widget-form\" data-id=\"31e3cb9\" data-element_type=\"widget\" data-settings=\"{&quot;step_next_label&quot;:&quot;Seg\\u00fcent&quot;,&quot;step_previous_label&quot;:&quot;Anterior&quot;,&quot;button_width&quot;:&quot;100&quot;,&quot;step_type&quot;:&quot;number_text&quot;,&quot;step_icon_shape&quot;:&quot;circle&quot;}\" data-widget_type=\"form.default\">\n\t\t\t\t\t\t\t<form class=\"elementor-form\" method=\"post\" name=\"Nou formulari\" aria-label=\"Nou formulari\">\n\t\t\t<input type=\"hidden\" name=\"post_id\" value=\"1894\"\/>\n\t\t\t<input type=\"hidden\" name=\"form_id\" value=\"31e3cb9\"\/>\n\t\t\t<input type=\"hidden\" name=\"referer_title\" value=\"Vendre - Calma Brava Homes\" \/>\n\n\t\t\t\t\t\t\t<input type=\"hidden\" name=\"queried_id\" value=\"1894\"\/>\n\t\t\t\n\t\t\t<div class=\"elementor-form-fields-wrapper elementor-labels-\">\n\t\t\t\t\t\t\t\t<div class=\"elementor-field-type-text elementor-field-group elementor-column elementor-field-group-name elementor-col-100 elementor-field-required\">\n\t\t\t\t\t\t\t\t\t\t\t\t<label for=\"form-field-name\" class=\"elementor-field-label elementor-screen-only\">\n\t\t\t\t\t\t\t\tNom i cognoms\t\t\t\t\t\t\t<\/label>\n\t\t\t\t\t\t\t\t\t\t\t\t\t\t<input size=\"1\" type=\"text\" name=\"form_fields[name]\" id=\"form-field-name\" class=\"elementor-field elementor-size-sm  elementor-field-textual\" placeholder=\"Nom i cognoms\" required=\"required\">\n\t\t\t\t\t\t\t\t\t\t\t<\/div>\n\t\t\t\t\t\t\t\t<div class=\"elementor-field-type-email elementor-field-group elementor-column elementor-field-group-email elementor-col-100 elementor-field-required\">\n\t\t\t\t\t\t\t\t\t\t\t\t<label for=\"form-field-email\" class=\"elementor-field-label elementor-screen-only\">\n\t\t\t\t\t\t\t\tCorreu electr\u00f2nic\t\t\t\t\t\t\t<\/label>\n\t\t\t\t\t\t\t\t\t\t\t\t\t\t<input size=\"1\" type=\"email\" name=\"form_fields[email]\" id=\"form-field-email\" class=\"elementor-field elementor-size-sm  elementor-field-textual\" placeholder=\"Correu electr\u00f2nic\" required=\"required\">\n\t\t\t\t\t\t\t\t\t\t\t<\/div>\n\t\t\t\t\t\t\t\t<div class=\"elementor-field-type-tel elementor-field-group elementor-column elementor-field-group-field_8ba6c2c elementor-col-100 elementor-field-required\">\n\t\t\t\t\t\t\t\t\t\t\t\t<label for=\"form-field-field_8ba6c2c\" class=\"elementor-field-label elementor-screen-only\">\n\t\t\t\t\t\t\t\tTel\u00e8fon\t\t\t\t\t\t\t<\/label>\n\t\t\t\t\t\t\t\t<input size=\"1\" type=\"tel\" name=\"form_fields[field_8ba6c2c]\" id=\"form-field-field_8ba6c2c\" class=\"elementor-field elementor-size-sm  elementor-field-textual\" placeholder=\"Tel\u00e8fon\" required=\"required\" pattern=\"[0-9()#&amp;+*-=.]+\" title=\"Only numbers and phone characters (#, -, *, etc) are accepted.\">\n\n\t\t\t\t\t\t<\/div>\n\t\t\t\t\t\t\t\t<div class=\"elementor-field-type-textarea elementor-field-group elementor-column elementor-field-group-message elementor-col-100\">\n\t\t\t\t\t\t\t\t\t\t\t\t<label for=\"form-field-message\" class=\"elementor-field-label elementor-screen-only\">\n\t\t\t\t\t\t\t\tMissatge\t\t\t\t\t\t\t<\/label>\n\t\t\t\t\t\t<textarea class=\"elementor-field-textual elementor-field  elementor-size-sm\" name=\"form_fields[message]\" id=\"form-field-message\" rows=\"4\" placeholder=\"Missatge\"><\/textarea>\t\t\t\t<\/div>\n\t\t\t\t\t\t\t\t<div class=\"elementor-field-type-acceptance elementor-field-group elementor-column elementor-field-group-field_8358cab elementor-col-100 elementor-field-required\">\n\t\t\t\t\t\t\t<div class=\"elementor-field-subgroup\">\n\t\t\t<span class=\"elementor-field-option\">\n\t\t\t\t<input type=\"checkbox\" name=\"form_fields[field_8358cab]\" id=\"form-field-field_8358cab\" class=\"elementor-field elementor-size-sm  elementor-acceptance-field\" required=\"required\">\n\t\t\t\t<label for=\"form-field-field_8358cab\">He llegit i accepto la <a href=\"\/ca\/politica-de-privacitat\/\">pol\u00edtica de privacitat<\/a><\/label>\t\t\t<\/span>\n\t\t<\/div>\n\t\t\t\t\t\t<\/div>\n\t\t\t\t\t\t\t\t<div class=\"elementor-field-group elementor-column elementor-field-type-submit elementor-col-100 e-form__buttons\">\n\t\t\t\t\t<button class=\"elementor-button elementor-size-sm\" type=\"submit\">\n\t\t\t\t\t\t<span class=\"elementor-button-content-wrapper\">\n\t\t\t\t\t\t\t\t\t\t\t\t\t\t\t\t\t\t\t\t\t\t<span class=\"elementor-button-text\">Enviar<\/span>\n\t\t\t\t\t\t\t\t\t\t\t\t\t<\/span>\n\t\t\t\t\t<\/button>\n\t\t\t\t<\/div>\n\t\t\t<\/div>\n\t\t<\/form>\n\t\t\t\t\t\t<\/div>\n\t\t\t\t\t<\/div>\n\t\t\t\t<\/div>\n\t\t\t\t<\/div>\n\t\t<div class=\"elementor-element elementor-element-1b94a55 e-flex e-con-boxed e-con e-parent\" data-id=\"1b94a55\" data-element_type=\"container\" data-settings=\"{&quot;background_background&quot;:&quot;classic&quot;}\">\n\t\t\t\t\t<div class=\"e-con-inner\">\n\t\t<div class=\"elementor-element elementor-element-a6eebe3 e-con-full e-flex e-con e-child\" data-id=\"a6eebe3\" data-element_type=\"container\">\n\t\t\t\t<div class=\"elementor-element elementor-element-37fb2d1 elementor-widget elementor-widget-text-editor\" data-id=\"37fb2d1\" data-element_type=\"widget\" data-widget_type=\"text-editor.default\">\n\t\t\t\t\t\t\t\t\t<p>Pisos en venda a la Calella de Palafrugell<\/p><p>Cases en venda a la Calella de Palafrugell<\/p><p>Apartament en venda a Calella de Palafrugell<\/p><p>Apartament en Venda a Llafranc<\/p><p>Apartament en Venda a Tamariu<\/p><p>Apartament de lloguer a Tamariu<\/p>\t\t\t\t\t\t\t\t<\/div>\n\t\t\t\t<\/div>\n\t\t<div class=\"elementor-element elementor-element-35cc8d4 e-con-full e-flex e-con e-child\" data-id=\"35cc8d4\" data-element_type=\"container\">\n\t\t\t\t<div class=\"elementor-element elementor-element-36d91c6 elementor-widget elementor-widget-text-editor\" data-id=\"36d91c6\" data-element_type=\"widget\" data-widget_type=\"text-editor.default\">\n\t\t\t\t\t\t\t\t\t<p>Pisos en Venda a Sant Cugat del Vall\u00e8s<\/p><p>Cases en Venda a Sant Cugat del Vall\u00e8s<\/p><p>Pisos de lloguer a Sant Cugat del Vall\u00e8s<\/p><p>Cases de lloguer a Sant Cugat del Vall\u00e8s<\/p>\t\t\t\t\t\t\t\t<\/div>\n\t\t\t\t<\/div>\n\t\t<div class=\"elementor-element elementor-element-95a3712 e-con-full e-flex e-con e-child\" data-id=\"95a3712\" data-element_type=\"container\">\n\t\t\t\t<div class=\"elementor-element elementor-element-13d7f96 elementor-widget elementor-widget-text-editor\" data-id=\"13d7f96\" data-element_type=\"widget\" data-widget_type=\"text-editor.default\">\n\t\t\t\t\t\t\t\t\t<p>Pisos en Venda a Barcelona<\/p><p>Cases en Venda a Barcelona<\/p><p>Pisos de lloguer a Barcelona<\/p><p>Cases de lloguer a Barcelona<\/p>\t\t\t\t\t\t\t\t<\/div>\n\t\t\t\t<\/div>\n\t\t<div class=\"elementor-element elementor-element-e6034cc e-con-full e-flex e-con e-child\" data-id=\"e6034cc\" data-element_type=\"container\">\n\t\t\t\t<div class=\"elementor-element elementor-element-cd64787 elementor-widget elementor-widget-text-editor\" data-id=\"cd64787\" data-element_type=\"widget\" data-widget_type=\"text-editor.default\">\n\t\t\t\t\t\t\t\t\t<p>Pisos en Venda a Caldes de Montbui<\/p><p>Cases en Venda a Caldes de Montbui<\/p><p>Pisos de lloguer a Caldes de Montbui<\/p><p>Cases de lloguer a Caldes de Montbui<\/p>\t\t\t\t\t\t\t\t<\/div>\n\t\t\t\t<\/div>\n\t\t\t\t\t<\/div>\n\t\t\t\t<\/div>\n\t\t\t\t<\/div>\n\t\t","protected":false},"excerpt":{"rendered":"<p>Vendre Vendre el teu habitatge no \u00e9s nom\u00e9s un tr\u00e0mit. A Calma Brava no treballem amb habitatges, treballem amb hist\u00f2ries. Cada rac\u00f3, cada detall i cada llum de la tevallar tenen un valor \u00fanic que mereix ser mostrat al m\u00f3n amb respecte,cura i dedicaci\u00f3. Vendre El nostre proc\u00e9s de venda A Calma Brava tot comen\u00e7a [&hellip;]<\/p>\n","protected":false},"author":2,"featured_media":1805,"parent":0,"menu_order":0,"comment_status":"closed","ping_status":"closed","template":"elementor_header_footer","meta":{"footnotes":""},"class_list":["post-1894","page","type-page","status-publish","has-post-thumbnail","hentry"],"yoast_head":"<!-- This site is optimized with the Yoast SEO plugin v26.6 - https:\/\/yoast.com\/wordpress\/plugins\/seo\/ -->\n<title>Vendre - Calma Brava Homes<\/title>\n<meta name=\"robots\" content=\"index, follow, max-snippet:-1, max-image-preview:large, max-video-preview:-1\" \/>\n<link rel=\"canonical\" href=\"https:\/\/calmabravahomes.com\/vender-vivienda\/\" \/>\n<meta property=\"og:locale\" content=\"ca_ES\" \/>\n<meta property=\"og:type\" content=\"article\" \/>\n<meta property=\"og:title\" content=\"Vendre - Calma Brava Homes\" \/>\n<meta property=\"og:description\" content=\"Vendre Vendre el teu habitatge no \u00e9s nom\u00e9s un tr\u00e0mit. A Calma Brava no treballem amb habitatges, treballem amb hist\u00f2ries. Cada rac\u00f3, cada detall i cada llum de la tevallar tenen un valor \u00fanic que mereix ser mostrat al m\u00f3n amb respecte,cura i dedicaci\u00f3. Vendre El nostre proc\u00e9s de venda A Calma Brava tot comen\u00e7a [&hellip;]\" \/>\n<meta property=\"og:url\" content=\"https:\/\/calmabravahomes.com\/vender-vivienda\/\" \/>\n<meta property=\"og:site_name\" content=\"Calma Brava Homes\" \/>\n<meta property=\"article:modified_time\" content=\"2026-01-20T15:58:17+00:00\" \/>\n<meta property=\"og:image\" content=\"https:\/\/calmabravahomes.com\/wp-content\/uploads\/2025\/10\/Homepage-400_380.jpg\" \/>\n\t<meta property=\"og:image:width\" content=\"400\" \/>\n\t<meta property=\"og:image:height\" content=\"380\" \/>\n\t<meta property=\"og:image:type\" content=\"image\/jpeg\" \/>\n<meta name=\"twitter:card\" content=\"summary_large_image\" \/>\n<meta name=\"twitter:label1\" content=\"Temps estimat de lectura\" \/>\n\t<meta name=\"twitter:data1\" content=\"2 minuts\" \/>\n<script type=\"application\/ld+json\" class=\"yoast-schema-graph\">{\"@context\":\"https:\/\/schema.org\",\"@graph\":[{\"@type\":\"WebPage\",\"@id\":\"https:\/\/calmabravahomes.com\/vender-vivienda\/\",\"url\":\"https:\/\/calmabravahomes.com\/vender-vivienda\/\",\"name\":\"Vendre - Calma Brava Homes\",\"isPartOf\":{\"@id\":\"https:\/\/calmabravahomes.com\/#website\"},\"primaryImageOfPage\":{\"@id\":\"https:\/\/calmabravahomes.com\/vender-vivienda\/#primaryimage\"},\"image\":{\"@id\":\"https:\/\/calmabravahomes.com\/vender-vivienda\/#primaryimage\"},\"thumbnailUrl\":\"https:\/\/calmabravahomes.com\/wp-content\/uploads\/2025\/10\/Homepage-400_380.jpg\",\"datePublished\":\"2025-11-18T20:15:52+00:00\",\"dateModified\":\"2026-01-20T15:58:17+00:00\",\"breadcrumb\":{\"@id\":\"https:\/\/calmabravahomes.com\/vender-vivienda\/#breadcrumb\"},\"inLanguage\":\"ca\",\"potentialAction\":[{\"@type\":\"ReadAction\",\"target\":[\"https:\/\/calmabravahomes.com\/vender-vivienda\/\"]}]},{\"@type\":\"ImageObject\",\"inLanguage\":\"ca\",\"@id\":\"https:\/\/calmabravahomes.com\/vender-vivienda\/#primaryimage\",\"url\":\"https:\/\/calmabravahomes.com\/wp-content\/uploads\/2025\/10\/Homepage-400_380.jpg\",\"contentUrl\":\"https:\/\/calmabravahomes.com\/wp-content\/uploads\/2025\/10\/Homepage-400_380.jpg\",\"width\":400,\"height\":380},{\"@type\":\"BreadcrumbList\",\"@id\":\"https:\/\/calmabravahomes.com\/vender-vivienda\/#breadcrumb\",\"itemListElement\":[{\"@type\":\"ListItem\",\"position\":1,\"name\":\"Portada\",\"item\":\"https:\/\/calmabravahomes.com\/\"},{\"@type\":\"ListItem\",\"position\":2,\"name\":\"Vendre\"}]},{\"@type\":\"WebSite\",\"@id\":\"https:\/\/calmabravahomes.com\/#website\",\"url\":\"https:\/\/calmabravahomes.com\/\",\"name\":\"Calma Brava Homes\",\"description\":\"Porque vender o alquilar es cuesti\u00f3n de confianza\",\"publisher\":{\"@id\":\"https:\/\/calmabravahomes.com\/#organization\"},\"potentialAction\":[{\"@type\":\"SearchAction\",\"target\":{\"@type\":\"EntryPoint\",\"urlTemplate\":\"https:\/\/calmabravahomes.com\/?s={search_term_string}\"},\"query-input\":{\"@type\":\"PropertyValueSpecification\",\"valueRequired\":true,\"valueName\":\"search_term_string\"}}],\"inLanguage\":\"ca\"},{\"@type\":\"Organization\",\"@id\":\"https:\/\/calmabravahomes.com\/#organization\",\"name\":\"Calma Brava Homes\",\"url\":\"https:\/\/calmabravahomes.com\/\",\"logo\":{\"@type\":\"ImageObject\",\"inLanguage\":\"ca\",\"@id\":\"https:\/\/calmabravahomes.com\/#\/schema\/logo\/image\/\",\"url\":\"https:\/\/calmabravahomes.com\/wp-content\/uploads\/2025\/10\/calmabravahomeslogo.png\",\"contentUrl\":\"https:\/\/calmabravahomes.com\/wp-content\/uploads\/2025\/10\/calmabravahomeslogo.png\",\"width\":540,\"height\":212,\"caption\":\"Calma Brava Homes\"},\"image\":{\"@id\":\"https:\/\/calmabravahomes.com\/#\/schema\/logo\/image\/\"}}]}<\/script>\n<!-- \/ Yoast SEO plugin. -->","yoast_head_json":{"title":"Vendre - Calma Brava Homes","robots":{"index":"index","follow":"follow","max-snippet":"max-snippet:-1","max-image-preview":"max-image-preview:large","max-video-preview":"max-video-preview:-1"},"canonical":"https:\/\/calmabravahomes.com\/vender-vivienda\/","og_locale":"ca_ES","og_type":"article","og_title":"Vendre - Calma Brava Homes","og_description":"Vendre Vendre el teu habitatge no \u00e9s nom\u00e9s un tr\u00e0mit. A Calma Brava no treballem amb habitatges, treballem amb hist\u00f2ries. Cada rac\u00f3, cada detall i cada llum de la tevallar tenen un valor \u00fanic que mereix ser mostrat al m\u00f3n amb respecte,cura i dedicaci\u00f3. Vendre El nostre proc\u00e9s de venda A Calma Brava tot comen\u00e7a [&hellip;]","og_url":"https:\/\/calmabravahomes.com\/vender-vivienda\/","og_site_name":"Calma Brava Homes","article_modified_time":"2026-01-20T15:58:17+00:00","og_image":[{"width":400,"height":380,"url":"https:\/\/calmabravahomes.com\/wp-content\/uploads\/2025\/10\/Homepage-400_380.jpg","type":"image\/jpeg"}],"twitter_card":"summary_large_image","twitter_misc":{"Temps estimat de lectura":"2 minuts"},"schema":{"@context":"https:\/\/schema.org","@graph":[{"@type":"WebPage","@id":"https:\/\/calmabravahomes.com\/vender-vivienda\/","url":"https:\/\/calmabravahomes.com\/vender-vivienda\/","name":"Vendre - Calma Brava Homes","isPartOf":{"@id":"https:\/\/calmabravahomes.com\/#website"},"primaryImageOfPage":{"@id":"https:\/\/calmabravahomes.com\/vender-vivienda\/#primaryimage"},"image":{"@id":"https:\/\/calmabravahomes.com\/vender-vivienda\/#primaryimage"},"thumbnailUrl":"https:\/\/calmabravahomes.com\/wp-content\/uploads\/2025\/10\/Homepage-400_380.jpg","datePublished":"2025-11-18T20:15:52+00:00","dateModified":"2026-01-20T15:58:17+00:00","breadcrumb":{"@id":"https:\/\/calmabravahomes.com\/vender-vivienda\/#breadcrumb"},"inLanguage":"ca","potentialAction":[{"@type":"ReadAction","target":["https:\/\/calmabravahomes.com\/vender-vivienda\/"]}]},{"@type":"ImageObject","inLanguage":"ca","@id":"https:\/\/calmabravahomes.com\/vender-vivienda\/#primaryimage","url":"https:\/\/calmabravahomes.com\/wp-content\/uploads\/2025\/10\/Homepage-400_380.jpg","contentUrl":"https:\/\/calmabravahomes.com\/wp-content\/uploads\/2025\/10\/Homepage-400_380.jpg","width":400,"height":380},{"@type":"BreadcrumbList","@id":"https:\/\/calmabravahomes.com\/vender-vivienda\/#breadcrumb","itemListElement":[{"@type":"ListItem","position":1,"name":"Portada","item":"https:\/\/calmabravahomes.com\/"},{"@type":"ListItem","position":2,"name":"Vendre"}]},{"@type":"WebSite","@id":"https:\/\/calmabravahomes.com\/#website","url":"https:\/\/calmabravahomes.com\/","name":"Calma Brava Homes","description":"Porque vender o alquilar es cuesti\u00f3n de confianza","publisher":{"@id":"https:\/\/calmabravahomes.com\/#organization"},"potentialAction":[{"@type":"SearchAction","target":{"@type":"EntryPoint","urlTemplate":"https:\/\/calmabravahomes.com\/?s={search_term_string}"},"query-input":{"@type":"PropertyValueSpecification","valueRequired":true,"valueName":"search_term_string"}}],"inLanguage":"ca"},{"@type":"Organization","@id":"https:\/\/calmabravahomes.com\/#organization","name":"Calma Brava Homes","url":"https:\/\/calmabravahomes.com\/","logo":{"@type":"ImageObject","inLanguage":"ca","@id":"https:\/\/calmabravahomes.com\/#\/schema\/logo\/image\/","url":"https:\/\/calmabravahomes.com\/wp-content\/uploads\/2025\/10\/calmabravahomeslogo.png","contentUrl":"https:\/\/calmabravahomes.com\/wp-content\/uploads\/2025\/10\/calmabravahomeslogo.png","width":540,"height":212,"caption":"Calma Brava Homes"},"image":{"@id":"https:\/\/calmabravahomes.com\/#\/schema\/logo\/image\/"}}]}},"_links":{"self":[{"href":"https:\/\/calmabravahomes.com\/ca\/wp-json\/wp\/v2\/pages\/1894","targetHints":{"allow":["GET"]}}],"collection":[{"href":"https:\/\/calmabravahomes.com\/ca\/wp-json\/wp\/v2\/pages"}],"about":[{"href":"https:\/\/calmabravahomes.com\/ca\/wp-json\/wp\/v2\/types\/page"}],"author":[{"embeddable":true,"href":"https:\/\/calmabravahomes.com\/ca\/wp-json\/wp\/v2\/users\/2"}],"replies":[{"embeddable":true,"href":"https:\/\/calmabravahomes.com\/ca\/wp-json\/wp\/v2\/comments?post=1894"}],"version-history":[{"count":43,"href":"https:\/\/calmabravahomes.com\/ca\/wp-json\/wp\/v2\/pages\/1894\/revisions"}],"predecessor-version":[{"id":2625,"href":"https:\/\/calmabravahomes.com\/ca\/wp-json\/wp\/v2\/pages\/1894\/revisions\/2625"}],"wp:featuredmedia":[{"embeddable":true,"href":"https:\/\/calmabravahomes.com\/ca\/wp-json\/wp\/v2\/media\/1805"}],"wp:attachment":[{"href":"https:\/\/calmabravahomes.com\/ca\/wp-json\/wp\/v2\/media?parent=1894"}],"curies":[{"name":"wp","href":"https:\/\/api.w.org\/{rel}","templated":true}]}}